{"id":143,"date":"2024-03-20T20:25:31","date_gmt":"2024-03-20T19:25:31","guid":{"rendered":"http:\/\/030483.nwagner.pl\/?page_id=143"},"modified":"2024-04-15T16:43:07","modified_gmt":"2024-04-15T14:43:07","slug":"strefa-rodzica","status":"publish","type":"page","link":"https:\/\/skrzat.info.pl\/?page_id=143","title":{"rendered":"Strefa rodzica"},"content":{"rendered":"<p>[et_pb_section fb_built=&#8221;1&#8243; fullwidth=&#8221;on&#8221; _builder_version=&#8221;4.24.2&#8243; _module_preset=&#8221;default&#8221; global_colors_info=&#8221;{}&#8221;][et_pb_fullwidth_header title=&#8221;Strefa rodzica&#8221; background_overlay_color=&#8221;rgba(47,179,27,0.4)&#8221; _builder_version=&#8221;4.24.3&#8243; _module_preset=&#8221;default&#8221; title_font=&#8221;|700|||||||&#8221; title_text_align=&#8221;center&#8221; title_font_size=&#8221;43px&#8221; background_image=&#8221;https:\/\/skrzat.info.pl\/wp-content\/uploads\/2024\/03\/untitled-design-71.webp&#8221; min_height=&#8221;30vh&#8221; global_colors_info=&#8221;{}&#8221;][\/et_pb_fullwidth_header][\/et_pb_section][et_pb_section fb_built=&#8221;1&#8243; _builder_version=&#8221;4.24.3&#8243; _module_preset=&#8221;default&#8221; background_color=&#8221;#F6F0E7&#8243; background_image=&#8221;https:\/\/skrzat.info.pl\/wp-content\/uploads\/2024\/04\/itled-design-2024-04-08t115027-693.webp&#8221; global_colors_info=&#8221;{}&#8221;][et_pb_row _builder_version=&#8221;4.24.2&#8243; _module_preset=&#8221;default&#8221; global_colors_info=&#8221;{}&#8221;][et_pb_column type=&#8221;4_4&#8243; _builder_version=&#8221;4.24.2&#8243; _module_preset=&#8221;default&#8221; global_colors_info=&#8221;{}&#8221;][et_pb_blurb title=&#8221;Co nas wyr\u00f3\u017cnia&#8221; url=&#8221;@ET-DC@eyJkeW5hbWljIjp0cnVlLCJjb250ZW50IjoicG9zdF9saW5rX3VybF9wYWdlIiwic2V0dGluZ3MiOnsicG9zdF9pZCI6IjI1NCJ9fQ==@&#8221; use_icon=&#8221;on&#8221; font_icon=&#8221;&#xf005;||fa||900&#8243; icon_color=&#8221;#B0CAC2&#8243; icon_placement=&#8221;left&#8221; content_max_width=&#8221;100%&#8221; _builder_version=&#8221;4.24.3&#8243; _dynamic_attributes=&#8221;url&#8221; _module_preset=&#8221;default&#8221; custom_css_main_element=&#8221;padding&#8221; global_colors_info=&#8221;{}&#8221; content_max_width__hover_enabled=&#8221;off|desktop&#8221;]<\/p>\n<p>Naci\u015bnij, aby zobaczy\u0107.<\/p>\n<p>[\/et_pb_blurb][et_pb_blurb title=&#8221;Najcz\u0119\u015bciej zadawane pytania (FAQ)&#8221; url=&#8221;@ET-DC@eyJkeW5hbWljIjp0cnVlLCJjb250ZW50IjoicG9zdF9saW5rX3VybF9wYWdlIiwic2V0dGluZ3MiOnsicG9zdF9pZCI6IjE2MiJ9fQ==@&#8221; use_icon=&#8221;on&#8221; font_icon=&#8221;&#xe064;||divi||400&#8243; icon_color=&#8221;#B0CAC2&#8243; icon_placement=&#8221;left&#8221; content_max_width=&#8221;100%&#8221; _builder_version=&#8221;4.24.2&#8243; _dynamic_attributes=&#8221;url&#8221; _module_preset=&#8221;default&#8221; custom_css_main_element=&#8221;padding&#8221; global_colors_info=&#8221;{}&#8221; content_max_width__hover_enabled=&#8221;off|desktop&#8221;]<\/p>\n<p>Naci\u015bnij, aby zobaczy\u0107.<\/p>\n<p>[\/et_pb_blurb][et_pb_blurb title=&#8221;Co jedz\u0105 nasze dzieci&#8221; url=&#8221;@ET-DC@eyJkeW5hbWljIjp0cnVlLCJjb250ZW50IjoicG9zdF9saW5rX3VybF9wYWdlIiwic2V0dGluZ3MiOnsicG9zdF9pZCI6IjE3NSJ9fQ==@&#8221; use_icon=&#8221;on&#8221; font_icon=&#8221;&#xf2e7;||fa||900&#8243; icon_color=&#8221;#B0CAC2&#8243; icon_placement=&#8221;left&#8221; content_max_width=&#8221;100%&#8221; _builder_version=&#8221;4.24.2&#8243; _dynamic_attributes=&#8221;url&#8221; _module_preset=&#8221;default&#8221; custom_css_main_element=&#8221;padding&#8221; global_colors_info=&#8221;{}&#8221; content_max_width__hover_enabled=&#8221;off|desktop&#8221;]<\/p>\n<p>Naci\u015bnij, aby zobaczy\u0107.<\/p>\n<p>[\/et_pb_blurb][et_pb_blurb title=&#8221;Op\u0142aty&#8221; url=&#8221;@ET-DC@eyJkeW5hbWljIjp0cnVlLCJjb250ZW50IjoicG9zdF9saW5rX3VybF9wYWdlIiwic2V0dGluZ3MiOnsicG9zdF9pZCI6IjQzNSJ9fQ==@&#8221; use_icon=&#8221;on&#8221; font_icon=&#8221;&#xf53a;||fa||900&#8243; icon_color=&#8221;#B0CAC2&#8243; icon_placement=&#8221;left&#8221; content_max_width=&#8221;100%&#8221; _builder_version=&#8221;4.24.3&#8243; _dynamic_attributes=&#8221;url&#8221; _module_preset=&#8221;default&#8221; custom_css_main_element=&#8221;padding&#8221; global_colors_info=&#8221;{}&#8221; content_max_width__hover_enabled=&#8221;off|desktop&#8221;]<\/p>\n<p>Naci\u015bnij, aby zobaczy\u0107.<\/p>\n<p>[\/et_pb_blurb][et_pb_blurb title=&#8221;Rekrutacja&#8221; url=&#8221;@ET-DC@eyJkeW5hbWljIjp0cnVlLCJjb250ZW50IjoicG9zdF9saW5rX3VybF9wYWdlIiwic2V0dGluZ3MiOnsicG9zdF9pZCI6IjE4NCJ9fQ==@&#8221; use_icon=&#8221;on&#8221; font_icon=&#8221;&#xf1ae;||fa||900&#8243; icon_color=&#8221;#B0CAC2&#8243; icon_placement=&#8221;left&#8221; content_max_width=&#8221;100%&#8221; _builder_version=&#8221;4.24.2&#8243; _dynamic_attributes=&#8221;url&#8221; _module_preset=&#8221;default&#8221; custom_css_main_element=&#8221;padding&#8221; global_colors_info=&#8221;{}&#8221; content_max_width__hover_enabled=&#8221;off|desktop&#8221;]<\/p>\n<p>Naci\u015bnij, aby zobaczy\u0107.<\/p>\n<p>[\/et_pb_blurb][\/et_pb_column][\/et_pb_row][\/et_pb_section]<\/p>\n","protected":false},"excerpt":{"rendered":"<p>Naci\u015bnij, aby zobaczy\u0107.Naci\u015bnij, aby zobaczy\u0107.Naci\u015bnij, aby zobaczy\u0107.Naci\u015bnij, aby zobaczy\u0107.Naci\u015bnij, aby zobaczy\u0107.<\/p>\n","protected":false},"author":1,"featured_media":0,"parent":0,"menu_order":0,"comment_status":"closed","ping_status":"closed","template":"","meta":{"_et_pb_use_builder":"on","_et_pb_old_content":"","_et_gb_content_width":"","footnotes":""},"class_list":["post-143","page","type-page","status-publish","hentry"],"_links":{"self":[{"href":"https:\/\/skrzat.info.pl\/index.php?rest_route=\/wp\/v2\/pages\/143","targetHints":{"allow":["GET"]}}],"collection":[{"href":"https:\/\/skrzat.info.pl\/index.php?rest_route=\/wp\/v2\/pages"}],"about":[{"href":"https:\/\/skrzat.info.pl\/index.php?rest_route=\/wp\/v2\/types\/page"}],"author":[{"embeddable":true,"href":"https:\/\/skrzat.info.pl\/index.php?rest_route=\/wp\/v2\/users\/1"}],"replies":[{"embeddable":true,"href":"https:\/\/skrzat.info.pl\/index.php?rest_route=%2Fwp%2Fv2%2Fcomments&post=143"}],"version-history":[{"count":18,"href":"https:\/\/skrzat.info.pl\/index.php?rest_route=\/wp\/v2\/pages\/143\/revisions"}],"predecessor-version":[{"id":487,"href":"https:\/\/skrzat.info.pl\/index.php?rest_route=\/wp\/v2\/pages\/143\/revisions\/487"}],"wp:attachment":[{"href":"https:\/\/skrzat.info.pl\/index.php?rest_route=%2Fwp%2Fv2%2Fmedia&parent=143"}],"curies":[{"name":"wp","href":"https:\/\/api.w.org\/{rel}","templated":true}]}}