{"id":2016,"date":"2025-05-06T15:29:57","date_gmt":"2025-05-06T13:29:57","guid":{"rendered":"https:\/\/skrzat.info.pl\/?page_id=2016"},"modified":"2025-05-06T15:30:36","modified_gmt":"2025-05-06T13:30:36","slug":"som","status":"publish","type":"page","link":"https:\/\/skrzat.info.pl\/?page_id=2016","title":{"rendered":"Standardy Ochrony Ma\u0142oletnich"},"content":{"rendered":"<p>[et_pb_section fb_built=&#8221;1&#8243; admin_label=&#8221;section&#8221; _builder_version=&#8221;4.24.2&#8243; background_color=&#8221;#F6F0E7&#8243; global_colors_info=&#8221;{}&#8221; theme_builder_area=&#8221;post_content&#8221;][et_pb_row admin_label=&#8221;row&#8221; _builder_version=&#8221;4.24.3&#8243; background_size=&#8221;initial&#8221; background_position=&#8221;top_left&#8221; background_repeat=&#8221;repeat&#8221; hover_enabled=&#8221;0&#8243; global_colors_info=&#8221;{}&#8221; theme_builder_area=&#8221;post_content&#8221; sticky_enabled=&#8221;0&#8243;][et_pb_column type=&#8221;4_4&#8243; _builder_version=&#8221;4.24.3&#8243; custom_padding=&#8221;|||&#8221; hover_enabled=&#8221;0&#8243; global_colors_info=&#8221;{}&#8221; custom_padding__hover=&#8221;|||&#8221; theme_builder_area=&#8221;post_content&#8221; sticky_enabled=&#8221;0&#8243;][et_pb_text _builder_version=&#8221;4.24.3&#8243; _module_preset=&#8221;default&#8221; hover_enabled=&#8221;0&#8243; global_colors_info=&#8221;{}&#8221; theme_builder_area=&#8221;post_content&#8221; sticky_enabled=&#8221;0&#8243;]<\/p>\n<p>&nbsp;<\/p>\n<h1><strong>Standardy Ochrony Ma\u0142oletnich w Niepublicznym \u017b\u0142obku i Przedszkolu \u201eSkrzat\u201d Iwona Wodzi\u0144ska<\/strong><\/h1>\n<p>(ostatnia zmiana: 06.05.2025 r.)<strong><\/strong><\/p>\n<p>&nbsp;<\/p>\n<p style=\"text-align: justify;\">Dobro i bezpiecze\u0144stwo dzieci w Niepublicznym \u017b\u0142obku i Przedszkolu \u201eSkrzat\u201d Iwona Wodzi\u0144ska (zwane dalej: \u201eprzedszkolem\u201d, \u201e\u017c\u0142obkiem\u201d lub \u201epodmiotem\u201d) s\u0105 priorytetem wszelkich dzia\u0142a\u0144 podejmowanych przez pracownik\u00f3w Przedszkola na rzecz dzieci. Pracownik Przedszkola traktuje dziecko z szacunkiem oraz uwzgl\u0119dnia jego potrzeby. Realizuj\u0105c zadania Przedszkola, dzia\u0142a w ramach obowi\u0105zuj\u0105cego prawa, obowi\u0105zuj\u0105cych w nim przepis\u00f3w wewn\u0119trznych oraz w ramach posiadanych kompetencji. Niedopuszczalne jest, by pracownik Przedszkola stosowa\u0142 wobec dziecka jakiekolwiek formy przemocy.<\/p>\n<p style=\"text-align: justify;\">Niniejszy system ochrony dzieci przed krzywdzeniem okre\u015bla procedury interwencji, dzia\u0142ania profilaktyczne, edukacyjne, zasady zapobiegania krzywdzeniu dzieci, a w sytuacji gdy do krzywdzenia dosz\u0142o \u2013 okre\u015bla zasady zmniejszenia rozmiaru jego skutk\u00f3w poprzez prawid\u0142ow\u0105 i efektywn\u0105 pomoc dziecku oraz wskazuje odpowiedzialno\u015b\u0107 os\u00f3b zatrudnionych w Przedszkolu za bezpiecze\u0144stwo dzieci do niego ucz\u0119szczaj\u0105cych.<\/p>\n<div style=\"margin: 20px 0; border-left: 4px solid #4CAF50; padding-left: 15px;\">\n<p style=\"font-weight: bold;\">Rozdzia\u0142 I<\/p>\n<p style=\"font-style: italic;\">Obszary Standard\u00f3w Ochrony Ma\u0142oletnich przed krzywdzeniem<\/p>\n<p><strong>\u00a7 1.<\/strong><\/p>\n<p>Standardy Ochrony Ma\u0142oletnich przed krzywdzeniem tworz\u0105 bezpieczne i przyjazne \u015brodowisko Przedszkola. Obejmuj\u0105 cztery obszary:<\/p>\n<ol>\n<li><strong>Polityk\u0119 Ochrony Ma\u0142oletnich<\/strong>, kt\u00f3ra okre\u015bla:\n<ul style=\"list-style-type: disc; margin-left: 20px;\">\n<li>zasady bezpiecznej rekrutacji personelu do pracy w Przedszkolu,<\/li>\n<li>zasady bezpiecznych relacji personel \u2013 dziecko,<\/li>\n<li>zasady reagowania w Przedszkolu na przypadki podejrzenia, \u017ce dziecko do\u015bwiadcza krzywdzenia,<\/li>\n<li>zasady ochrony wizerunku dziecka i danych osobowych dzieci,<\/li>\n<li>zasady bezpiecznego korzystania z internetu i medi\u00f3w elektronicznych,<\/li>\n<\/ul>\n<\/li>\n<li><strong>Personel<\/strong> \u2013 obszar, kt\u00f3ry okre\u015bla:\n<ul style=\"list-style-type: disc; margin-left: 20px;\">\n<li>zasady rekrutacji personelu pracuj\u0105cego z dzie\u0107mi w Przedszkolu, w tym obowi\u0105zek uzyskiwania danych z Rejestru Sprawc\u00f3w Przest\u0119pstw na Tle Seksualnym o ka\u017cdym cz\u0142onku personelu oraz, gdy jest to dozwolone przepisami obowi\u0105zuj\u0105cego prawa, informacji z Krajowego Rejestru Karnego, a kiedy prawo na to nie zezwala, uzyskiwania o\u015bwiadczenia personelu dotycz\u0105cego niekaralno\u015bci lub braku tocz\u0105cych si\u0119 post\u0119powa\u0144 karnych lub dyscyplinarnych za przest\u0119pstwa przeciwko wolno\u015bci seksualnej i obyczajno\u015bci oraz przest\u0119pstwa z u\u017cyciem przemocy na szkod\u0119 ma\u0142oletniego,<\/li>\n<li>zasady bezpiecznych relacji personelu Przedszkola z ma\u0142oletnimi, wskazuj\u0105ce, jakie zachowania na terenie Przedszkola s\u0105 niedozwolone, a jakie po\u017c\u0105dane w kontakcie z dzieckiem,<\/li>\n<li>zasady zapewniania pracownikom podstawowej wiedzy na temat ochrony ma\u0142oletnich przed krzywdzeniem oraz udzielania pomocy dzieciom w sytuacjach zagro\u017cenia, w zakresie:\n<ul style=\"list-style-type: circle; margin-left: 20px;\">\n<li>rozpoznawania symptom\u00f3w krzywdzenia dzieci,<\/li>\n<li>procedur interwencji w przypadku podejrze\u0144 krzywdzenia,<\/li>\n<li>odpowiedzialno\u015bci prawnej pracownik\u00f3w Przedszkola, zobowi\u0105zanych do podejmowania interwencji,<\/li>\n<\/ul>\n<\/li>\n<li>zasady przygotowania personelu Przedszkola (pracuj\u0105cego z dzie\u0107mi i ich rodzicami\/opiekunami) do edukowania:\n<ul style=\"list-style-type: circle; margin-left: 20px;\">\n<li>dzieci na temat ochrony przed przemoc\u0105 i wykorzystywaniem,<\/li>\n<li>rodzic\u00f3w\/opiekun\u00f3w dzieci na temat wychowania dzieci bez przemocy oraz chronienia ich przed przemoc\u0105 i wykorzystywaniem,<\/li>\n<\/ul>\n<\/li>\n<li>zasady dysponowania materia\u0142ami edukacyjnymi dla dzieci i dla rodzic\u00f3w oraz aktywnego ich wykorzystania,<\/li>\n<\/ul>\n<\/li>\n<li><strong>Procedury<\/strong> \u2013 obszar okre\u015blaj\u0105cy dzia\u0142ania, jakie nale\u017cy podj\u0105\u0107 w sytuacji krzywdzenia dziecka lub zagro\u017cenia jego bezpiecze\u0144stwa ze strony personelu Przedszkola, cz\u0142onk\u00f3w rodziny, r\u00f3wie\u015bnik\u00f3w i os\u00f3b obcych:\n<ul style=\"list-style-type: disc; margin-left: 20px;\">\n<li>zasady dysponowania przez Przedszkole danymi kontaktowymi lokalnych instytucji i organizacji, kt\u00f3re zajmuj\u0105 si\u0119 interwencj\u0105 i pomoc\u0105 w sytuacjach krzywdzenia dzieci (policja, s\u0105d rodzinny, centrum interwencji kryzysowej, o\u015brodek pomocy spo\u0142ecznej, plac\u00f3wki ochrony zdrowia), oraz zapewnienia do nich dost\u0119pu wszystkim pracownikom,<\/li>\n<li>zasady eksponowania informacji dla dzieci na temat mo\u017cliwo\u015bci uzyskania pomocy w trudnej sytuacji, w tym numer\u00f3w bezp\u0142atnych telefon\u00f3w zaufania dla dzieci i m\u0142odzie\u017cy,<\/li>\n<\/ul>\n<\/li>\n<li><strong>Monitoring<\/strong> \u2013 obszar, kt\u00f3ry okre\u015bla:\n<ul style=\"list-style-type: disc; margin-left: 20px;\">\n<li>zasady weryfikacji przyj\u0119tych Standard\u00f3w Ochrony Ma\u0142oletnich przed krzywdzeniem \u2013 przynajmniej raz w roku, ze szczeg\u00f3lnym uwzgl\u0119dnieniem analizy sytuacji zwi\u0105zanych z wyst\u0105pieniem zagro\u017cenia bezpiecze\u0144stwa dzieci,<\/li>\n<li>zasady organizowania przez Przedszkole konsultacji z dzie\u0107mi i ich rodzicami\/opiekunami.<\/li>\n<\/ul>\n<\/li>\n<\/ol>\n<\/div>\n<div style=\"margin: 20px 0; border-left: 4px solid #4CAF50; padding-left: 15px;\">\n<p style=\"font-weight: bold;\">Rozdzia\u0142 II<\/p>\n<p style=\"font-style: italic;\">S\u0142owniczek termin\u00f3w<\/p>\n<p><strong>\u00a7 2.<\/strong><\/p>\n<ol>\n<li><strong>Dziecko\/ma\u0142oletni<\/strong> \u2013 ka\u017cda osoba do uko\u0144czenia 18. roku \u017cycia.<\/li>\n<li><strong>Krzywdzenie dziecka<\/strong> \u2013 pope\u0142nienie czynu zabronionego lub czynu karalnego na szkod\u0119 dziecka, lub zagro\u017cenie dobra dziecka, w tym jego zaniedbanie.<\/li>\n<li><strong>Personel<\/strong> \u2013 ka\u017cdy pracownik Przedszkola bez wzgl\u0119du na form\u0119 zatrudnienia, w tym wsp\u00f3\u0142pracownik, sta\u017cysta, wolontariusz lub inna osoba, kt\u00f3ra z racji pe\u0142nionej funkcji lub zada\u0144 ma (nawet potencjalny) kontakt z dzie\u0107mi.<\/li>\n<li><strong>Opiekun dziecka<\/strong> \u2013 osoba uprawniona do reprezentacji dziecka, w szczeg\u00f3lno\u015bci jego rodzic lub opiekun prawny, a tak\u017ce rodzic zast\u0119pczy.<\/li>\n<li><strong>Instytucja<\/strong> \u2013 ka\u017cda instytucja \u015bwiadcz\u0105ca us\u0142ugi dzieciom lub dzia\u0142aj\u0105ca na rzecz dzieci.<\/li>\n<li><strong>Dyrektor<\/strong> \u2013 osoba (lub podmiot), kt\u00f3ra w strukturze Przedszkola jest uprawniona do podejmowania decyzji.<\/li>\n<li><strong>Zgoda rodzica dziecka<\/strong> oznacza zgod\u0119 co najmniej jednego z rodzic\u00f3w dziecka. W przypadku braku porozumienia mi\u0119dzy rodzicami dziecka konieczne jest poinformowanie rodzic\u00f3w o konieczno\u015bci rozstrzygni\u0119cia sprawy przez s\u0105d rodzinny.<\/li>\n<li><strong>Osoba odpowiedzialna za internet<\/strong> to wyznaczony przez dyrektora Przedszkola pracownik, sprawuj\u0105cy nadz\u00f3r nad korzystaniem z internetu przez dzieci na terenie Przedszkola oraz nad bezpiecze\u0144stwem dzieci w internecie.<\/li>\n<li><strong>Osoba odpowiedzialna za Standardy Ochrony Ma\u0142oletnich przed krzywdzeniem<\/strong> to wyznaczony przez dyrektora Przedszkola pracownik sprawuj\u0105cy nadz\u00f3r nad realizacj\u0105 niniejszych Standard\u00f3w Ochrony Ma\u0142oletnich przed krzywdzeniem.<\/li>\n<li><strong>Dane osobowe dziecka<\/strong> to wszelkie informacje umo\u017cliwiaj\u0105ce identyfikacj\u0119 dziecka.<\/li>\n<\/ol>\n<\/div>\n<div style=\"margin: 20px 0; border-left: 4px solid #4CAF50; padding-left: 15px;\">\n<p style=\"font-weight: bold;\">Rozdzia\u0142 III<\/p>\n<p style=\"font-style: italic;\">Czynniki ryzyka i symptomy krzywdzenia dzieci \u2013 zasady rozpoznawania i reagowania<\/p>\n<p><strong>\u00a7 3.<\/strong><\/p>\n<ol>\n<li>Pracownicy Przedszkola posiadaj\u0105 wiedz\u0119 na temat czynnik\u00f3w ryzyka i symptom\u00f3w krzywdzenia dzieci i zwracaj\u0105 na nie uwag\u0119 w ramach wykonywanych obowi\u0105zk\u00f3w.<\/li>\n<li>Pracownicy Przedszkola monitoruj\u0105 sytuacj\u0119 i dobrostan dziecka.<\/li>\n<li>W przypadku zidentyfikowania czynnik\u00f3w ryzyka pracownicy Przedszkola podejmuj\u0105 rozmow\u0119 z rodzicami, przekazuj\u0105c informacje na temat dost\u0119pnej oferty wsparcia i motywuj\u0105c ich do szukania dla siebie pomocy.<\/li>\n<\/ol>\n<\/div>\n<div style=\"margin: 20px 0; border-left: 4px solid #4CAF50; padding-left: 15px;\">\n<p style=\"font-weight: bold;\">Rozdzia\u0142 IV<\/p>\n<p style=\"font-style: italic;\">Zasady reagowania na przypadki podejrzenia, \u017ce ma\u0142oletni do\u015bwiadcza krzywdzenia<\/p>\n<p><strong>\u00a7 4.<\/strong><\/p>\n<p>W przypadku powzi\u0119cia przez pracownika Przedszkola podejrzenia, \u017ce dziecko jest krzywdzone, pracownik ma obowi\u0105zek sporz\u0105dzenia notatki s\u0142u\u017cbowej i przekazania uzyskanej informacji dyrektorowi Przedszkola.<\/p>\n<p><strong>\u00a7 5.<\/strong><\/p>\n<ol>\n<li>Po uzyskaniu informacji, dyrektor Przedszkola wzywa opiekun\u00f3w dziecka, kt\u00f3rego krzywdzenie podejrzewa, i informuje ich o podejrzeniu.<\/li>\n<li>Wyznaczona przez dyrektora Przedszkola osoba (psycholog lub pedagog specjalny) sporz\u0105dza opis sytuacji przedszkolnej i rodzinnej dziecka na podstawie rozm\u00f3w z dzieckiem, nauczycielami, wychowawc\u0105 i rodzicami oraz opracowuje plan pomocy ma\u0142oletniemu.<\/li>\n<li>Plan pomocy ma\u0142oletniemu powinien zawiera\u0107 wskazania dotycz\u0105ce:\n<ul style=\"list-style-type: disc; margin-left: 20px;\">\n<li>podj\u0119cia przez Przedszkole dzia\u0142a\u0144 w celu zapewnienia dziecku bezpiecze\u0144stwa, w tym zg\u0142oszenie podejrzenia krzywdzenia do odpowiedniej instytucji,<\/li>\n<li>wsparcia, jakie zaoferuje dziecku Przedszkole,<\/li>\n<li>skierowania dziecka do specjalistycznej plac\u00f3wki pomocy dziecku, je\u017celi istnieje taka potrzeba.<\/li>\n<\/ul>\n<\/li>\n<\/ol>\n<p><strong>\u00a7 6.<\/strong><\/p>\n<ol>\n<li>W bardziej skomplikowanych przypadkach (dotycz\u0105cych np. wykorzystywania seksualnego lub zn\u0119cania si\u0119 fizycznego i psychicznego o du\u017cym nasileniu) dyrektor Przedszkola powo\u0142uje zesp\u00f3\u0142 interwencyjny, w sk\u0142ad kt\u00f3rego mog\u0105 wej\u015b\u0107: pedagog\/psycholog, wychowawca dziecka, dyrektor Przedszkola, inni pracownicy maj\u0105cy wiedz\u0119 na temat skutk\u00f3w krzywdzenia dziecka lub o krzywdzonym dziecku.<\/li>\n<li>Zesp\u00f3\u0142 interwencyjny sporz\u0105dza plan pomocy ma\u0142oletniemu, spe\u0142niaj\u0105cy wymogi okre\u015blone w \u00a7 5 pkt 3 niniejszych Standard\u00f3w, na podstawie opisu sporz\u0105dzonego przez pedagoga\/psychologa przedszkolnego oraz innych, uzyskanych przez cz\u0142onk\u00f3w zespo\u0142u, informacji.<\/li>\n<li>W przypadku gdy podejrzenie krzywdzenia zg\u0142osz\u0105 rodzice\/opiekunowie dziecka, dyrektor Przedszkola jest zobowi\u0105zany powo\u0142a\u0107 zesp\u00f3\u0142 interwencyjny.<\/li>\n<li>Zesp\u00f3\u0142, o kt\u00f3rym mowa w punkcie 3, wzywa rodzic\u00f3w\/opiekun\u00f3w dziecka na spotkanie wyja\u015bniaj\u0105ce, podczas kt\u00f3rego mo\u017ce zaproponowa\u0107 zdiagnozowanie zg\u0142aszanego podejrzenia w zewn\u0119trznej, bezstronnej instytucji. Ze spotkania sporz\u0105dza si\u0119 protok\u00f3\u0142.<\/li>\n<\/ol>\n<p><strong>\u00a7 7.<\/strong><\/p>\n<ol>\n<li>Sporz\u0105dzony przez zesp\u00f3\u0142 interwencyjny plan pomocy ma\u0142oletniemu wraz z zaleceniem wsp\u00f3\u0142pracy przy jego realizacji przedstawiany jest rodzicom\/opiekunom przez psychologa lub pedagoga specjalnego.<\/li>\n<li>Psycholog lub pedagog specjalny informuje rodzic\u00f3w\/opiekun\u00f3w o obowi\u0105zku Przedszkola \u2013 jako instytucji \u2013 zg\u0142oszenia podejrzenia krzywdzenia ma\u0142oletniego do odpowiedniej instytucji (prokuratura, policja lub s\u0105d rodzinny, o\u015brodek pomocy spo\u0142ecznej b\u0105d\u017a przewodnicz\u0105cy zespo\u0142u interdyscyplinarnego \u2013 procedura \u201eNiebieskiej Karty\u201d \u2013 w zale\u017cno\u015bci od zdiagnozowanego typu krzywdzenia i skorelowanej z nim interwencji). Uwaga! Pracownicy Przedszkola uczestnicz\u0105 w realizacji procedury \u201eNiebieskiej Karty\u201d, w tym uprawnieni s\u0105 do samodzielnego jej wszczynania.<\/li>\n<li>Po poinformowaniu rodzic\u00f3w\/opiekun\u00f3w ma\u0142oletniego przez psychologa\/pedagoga specjalnego \u2013 zgodnie z punktem poprzedzaj\u0105cym \u2013 dyrektor Przedszkola sk\u0142ada zawiadomienie o podejrzeniu przest\u0119pstwa do prokuratury\/policji lub wniosek o wgl\u0105d w sytuacj\u0119 rodziny do s\u0105du rejonowego, wydzia\u0142u rodzinnego i nieletnich, o\u015brodka pomocy spo\u0142ecznej lub przesy\u0142a formularz \u201eNiebieska Karta \u2013 A\u201d do przewodnicz\u0105cego zespo\u0142u interdyscyplinarnego.<\/li>\n<li>Dalszy tok post\u0119powania le\u017cy w kompetencjach instytucji wskazanych w punkcie 3.<\/li>\n<li>W przypadku gdy podejrzenie krzywdzenia zg\u0142osili rodzice\/opiekunowie ma\u0142oletniego, a podejrzenie to nie zosta\u0142o potwierdzone \u2013 Przedszkole informuje o tym fakcie rodzic\u00f3w\/opiekun\u00f3w dziecka na pi\u015bmie.<\/li>\n<\/ol>\n<p><strong>\u00a7 8.<\/strong><\/p>\n<ol>\n<li>Z przebiegu interwencji sporz\u0105dza si\u0119 kart\u0119 interwencji.<\/li>\n<li>Wszyscy pracownicy Przedszkola i inne osoby, kt\u00f3re w zwi\u0105zku z wykonywaniem obowi\u0105zk\u00f3w s\u0142u\u017cbowych podj\u0119\u0142y informacj\u0119 o krzywdzeniu dziecka lub informacje z tym zwi\u0105zane, s\u0105 zobowi\u0105zani do zachowania tych informacji w tajemnicy, wy\u0142\u0105czaj\u0105c informacje przekazywane uprawnionym instytucjom w ramach dzia\u0142a\u0144 interwencyjnych.<\/li>\n<\/ol>\n<\/div>\n<div style=\"margin: 20px 0; border-left: 4px solid #4CAF50; padding-left: 15px;\">\n<p style=\"font-weight: bold;\">Rozdzia\u0142 V<\/p>\n<p style=\"font-style: italic;\">Zasady ochrony wizerunku dziecka i danych osobowych ma\u0142oletnich<\/p>\n<p><strong>\u00a7 9.<\/strong><\/p>\n<ol>\n<li>Przedszkole, uznaj\u0105c prawo dziecka do prywatno\u015bci i ochrony d\u00f3br osobistych, zapewnia ochron\u0119 wizerunku dziecka, zapewnia najwy\u017csze standardy ochrony danych osobowych ma\u0142oletnich zgodnie z obowi\u0105zuj\u0105cymi przepisami prawa.<\/li>\n<\/ol>\n<p><strong>\u00a7 10.<\/strong><\/p>\n<ol>\n<li>Pracownikowi Przedszkola nie wolno umo\u017cliwia\u0107 przedstawicielom medi\u00f3w utrwalania wizerunku dziecka (filmowanie, fotografowanie, nagrywanie g\u0142osu dziecka) na jego terenie bez pisemnej zgody rodzica lub opiekuna prawnego dziecka.<\/li>\n<li>W celu uzyskania zgody, o kt\u00f3rej mowa w punkcie 1, pracownik Przedszkola mo\u017ce skontaktowa\u0107 si\u0119 z opiekunem dziecka, by uzyska\u0107 zgod\u0119 na nieodp\u0142atne wykorzystanie zarejestrowanego wizerunku dziecka i okre\u015bli\u0107, w jakim kontek\u015bcie b\u0119dzie wykorzystywany, np. \u017ce umieszczony zostanie na platformie YouTube w celach promocyjnych lub na stronie internetowej Przedszkola (niniejsza zgoda obejmuje wszelkie formy publikacji, w szczeg\u00f3lno\u015bci plakaty reklamowe, ulotki, drukowane materia\u0142y promocyjne, reklam\u0119 w gazetach i czasopismach oraz w internecie itp.), lub ustali\u0107 procedur\u0119 uzyskania zgody. Niedopuszczalne jest podanie przedstawicielowi medi\u00f3w danych kontaktowych do opiekuna dziecka \u2013 bez wiedzy i zgody tego opiekuna.<\/li>\n<\/ol>\n<p><strong>\u00a7 11.<\/strong><\/p>\n<p>Upublicznienie przez pracownika Przedszkola wizerunku dziecka utrwalonego w jakiejkolwiek formie (fotografia, nagranie audio-wideo) wymaga pisemnej zgody rodzica lub opiekuna prawnego dziecka. Je\u017celi wizerunek dziecka stanowi jedynie szczeg\u00f3\u0142 ca\u0142o\u015bci, takiej jak: zgromadzenie, krajobraz, publiczna impreza, zgoda rodzica lub opiekuna prawnego na utrwalanie wizerunku dziecka nie jest wymagana.<\/p>\n<\/div>\n<div style=\"margin: 20px 0; border-left: 4px solid #4CAF50; padding-left: 15px;\">\n<p style=\"font-weight: bold;\">Rozdzia\u0142 VI<\/p>\n<p style=\"font-style: italic;\">Zasady bezpiecznego korzystania z internetu i medi\u00f3w elektronicznych w Przedszkolu<\/p>\n<p><strong>\u00a7 12.<\/strong><\/p>\n<ol>\n<li>Na terenie Przedszkola dost\u0119p dziecka do internetu mo\u017cliwy jest tylko pod nadzorem pracownika Przedszkola na zaj\u0119ciach komputerowych.<\/li>\n<li>W przypadku gdy dost\u0119p do internetu w Przedszkolu realizowany jest pod nadzorem pracownika Przedszkola jest on zobowi\u0105zany informowa\u0107 dzieci o zasadach bezpiecznego korzystania z internetu oraz czuwa\u0107 nad ich bezpiecze\u0144stwem podczas korzystania z internetu w czasie zaj\u0119\u0107.<\/li>\n<li>Osoba odpowiedzialna za dost\u0119p do internetu w Przedszkolu przeprowadza z dzie\u0107mi cykliczne szkolenia dotycz\u0105ce bezpiecznego korzystania z internetu.<\/li>\n<li>Przedszkole zapewnia sta\u0142y dost\u0119p do materia\u0142\u00f3w edukacyjnych, dotycz\u0105cych bezpiecznego korzystania z internetu, przy komputerach.<\/li>\n<\/ol>\n<p><strong>\u00a7 13.<\/strong><\/p>\n<ol>\n<li>Osoba odpowiedzialna za dost\u0119p do internetu w Przedszkolu w porozumieniu z dyrektorem Przedszkola zabezpiecza sie\u0107 przed niebezpiecznymi tre\u015bciami, poprzez instalacj\u0119 i aktualizacj\u0119 odpowiedniego, nowoczesnego oprogramowania.<\/li>\n<li>Wymienione w punkcie 1 oprogramowanie jest aktualizowane w miar\u0119 potrzeb \u2013 przynajmniej raz w miesi\u0105cu.<\/li>\n<\/ol>\n<\/div>\n<div style=\"margin: 20px 0; border-left: 4px solid #4CAF50; padding-left: 15px;\">\n<p style=\"font-weight: bold;\">Rozdzia\u0142 VII<\/p>\n<p style=\"font-style: italic;\">Monitoring stosowania Standard\u00f3w Ochrony Ma\u0142oletnich przed krzywdzeniem<\/p>\n<p><strong>\u00a7 14.<\/strong><\/p>\n<ol>\n<li>Dyrektor Przedszkola wyznacza pani\u0105 Natali\u0119 Pop\u0142awsk\u0105 na osob\u0119 odpowiedzialn\u0105 za realizacj\u0119 i propagowanie Standard\u00f3w Ochrony Ma\u0142oletnich przed krzywdzeniem w Przedszkolu.<\/li>\n<li>Osoba, o kt\u00f3rej mowa w punkcie 1, jest odpowiedzialna za monitorowanie realizacji Standard\u00f3w, za reagowanie na sygna\u0142y naruszenia Standard\u00f3w, prowadzenie rejestru zg\u0142osze\u0144 oraz za proponowanie zmian w Standardach.<\/li>\n<li>Osoba odpowiedzialna za realizacj\u0119 i propagowanie Standard\u00f3w ochrony ma\u0142oletnich przeprowadza w\u015br\u00f3d pracownik\u00f3w Przedszkola, raz na 12 miesi\u0119cy, ankiet\u0119 monitoruj\u0105c\u0105 poziom realizacji Standard\u00f3w. W ankiecie pracownicy mog\u0105 proponowa\u0107 zmiany oraz wskazywa\u0107 naruszenia Standard\u00f3w.<\/li>\n<li>Na podstawie przeprowadzonej ankiety osoba odpowiedzialna za realizacj\u0119 i propagowanie Standard\u00f3w Ochrony Ma\u0142oletnich sporz\u0105dza raport z monitoringu, kt\u00f3ry nast\u0119pnie przekazuje dyrektorowi Przedszkola.<\/li>\n<li>Dyrektor Przedszkola na podstawie otrzymanego raportu wprowadza do Standard\u00f3w niezb\u0119dne zmiany i og\u0142asza je pracownikom, dzieciom i ich rodzicom\/opiekunom.<\/li>\n<\/ol>\n<\/div>\n<div style=\"margin: 20px 0; border-left: 4px solid #4CAF50; padding-left: 15px;\">\n<p style=\"font-weight: bold;\">Rozdzia\u0142 VIII<\/p>\n<p style=\"font-style: italic;\">Przepisy ko\u0144cowe<\/p>\n<p><strong>\u00a7 15.<\/strong><\/p>\n<ol>\n<li>Niniejsze Standardy Ochrony Ma\u0142oletnich przed krzywdzeniem wchodz\u0105 w \u017cycie z dniem og\u0142oszenia.<\/li>\n<li>Og\u0142oszenie Standard\u00f3w nast\u0119puje poprzez wywieszenie na tablicy og\u0142osze\u0144 lub w innym widocznym miejscu w siedzibie Przedszkola lub zamieszczenie na stronie internetowej Przedszkola.<\/li>\n<\/ol>\n<\/div>\n<p>[\/et_pb_text][\/et_pb_column][\/et_pb_row][\/et_pb_section]<\/p>\n","protected":false},"excerpt":{"rendered":"<p>&nbsp; Standardy Ochrony Ma\u0142oletnich w Niepublicznym \u017b\u0142obku i Przedszkolu \u201eSkrzat\u201d Iwona Wodzi\u0144ska (ostatnia zmiana: 06.05.2025 r.) &nbsp; Dobro i bezpiecze\u0144stwo dzieci w Niepublicznym \u017b\u0142obku i Przedszkolu \u201eSkrzat\u201d Iwona Wodzi\u0144ska (zwane dalej: \u201eprzedszkolem\u201d, \u201e\u017c\u0142obkiem\u201d lub \u201epodmiotem\u201d) s\u0105 priorytetem wszelkich dzia\u0142a\u0144 podejmowanych przez pracownik\u00f3w Przedszkola na rzecz dzieci. Pracownik Przedszkola traktuje dziecko z szacunkiem oraz uwzgl\u0119dnia jego [&hellip;]<\/p>\n","protected":false},"author":1,"featured_media":0,"parent":143,"menu_order":0,"comment_status":"closed","ping_status":"closed","template":"","meta":{"_et_pb_use_builder":"on","_et_pb_old_content":"","_et_gb_content_width":"","footnotes":""},"class_list":["post-2016","page","type-page","status-publish","hentry"],"_links":{"self":[{"href":"https:\/\/skrzat.info.pl\/index.php?rest_route=\/wp\/v2\/pages\/2016","targetHints":{"allow":["GET"]}}],"collection":[{"href":"https:\/\/skrzat.info.pl\/index.php?rest_route=\/wp\/v2\/pages"}],"about":[{"href":"https:\/\/skrzat.info.pl\/index.php?rest_route=\/wp\/v2\/types\/page"}],"author":[{"embeddable":true,"href":"https:\/\/skrzat.info.pl\/index.php?rest_route=\/wp\/v2\/users\/1"}],"replies":[{"embeddable":true,"href":"https:\/\/skrzat.info.pl\/index.php?rest_route=%2Fwp%2Fv2%2Fcomments&post=2016"}],"version-history":[{"count":4,"href":"https:\/\/skrzat.info.pl\/index.php?rest_route=\/wp\/v2\/pages\/2016\/revisions"}],"predecessor-version":[{"id":2020,"href":"https:\/\/skrzat.info.pl\/index.php?rest_route=\/wp\/v2\/pages\/2016\/revisions\/2020"}],"up":[{"embeddable":true,"href":"https:\/\/skrzat.info.pl\/index.php?rest_route=\/wp\/v2\/pages\/143"}],"wp:attachment":[{"href":"https:\/\/skrzat.info.pl\/index.php?rest_route=%2Fwp%2Fv2%2Fmedia&parent=2016"}],"curies":[{"name":"wp","href":"https:\/\/api.w.org\/{rel}","templated":true}]}}