{"id":254,"date":"2024-03-25T10:52:34","date_gmt":"2024-03-25T09:52:34","guid":{"rendered":"https:\/\/030483.nwagner.pl\/?page_id=254"},"modified":"2024-04-15T17:45:58","modified_gmt":"2024-04-15T15:45:58","slug":"co-nas-wyroznia","status":"publish","type":"page","link":"https:\/\/skrzat.info.pl\/?page_id=254","title":{"rendered":"Co nas wyr\u00f3\u017cnia"},"content":{"rendered":"<p>[et_pb_section fb_built=&#8221;1&#8243; _builder_version=&#8221;4.24.3&#8243; _module_preset=&#8221;default&#8221; background_color=&#8221;#F6F0E7&#8243; background_image=&#8221;https:\/\/skrzat.info.pl\/wp-content\/uploads\/2024\/04\/itled-design-2024-04-08t115027-693.webp&#8221; global_colors_info=&#8221;{}&#8221;][et_pb_row _builder_version=&#8221;4.24.2&#8243; _module_preset=&#8221;default&#8221; global_colors_info=&#8221;{}&#8221;][et_pb_column type=&#8221;4_4&#8243; _builder_version=&#8221;4.24.2&#8243; _module_preset=&#8221;default&#8221; global_colors_info=&#8221;{}&#8221;][et_pb_heading title=&#8221;Co nas wyr\u00f3\u017cnia&#8221; _builder_version=&#8221;4.24.2&#8243; _module_preset=&#8221;default&#8221; title_font=&#8221;|800|||||||&#8221; global_colors_info=&#8221;{}&#8221;][\/et_pb_heading][et_pb_accordion open_toggle_text_color=&#8221;#666666&#8243; open_toggle_background_color=&#8221;#FAFAFA&#8221; closed_toggle_text_color=&#8221;#FAFAFA&#8221; closed_toggle_background_color=&#8221;#B0CAC2&#8243; toggle_icon=&#8221;&#x47;||divi||400&#8243; icon_color=&#8221;#FAFAFA&#8221; use_icon_font_size=&#8221;on&#8221; icon_font_size=&#8221;19px&#8221; _builder_version=&#8221;4.24.3&#8243; _module_preset=&#8221;default&#8221; toggle_text_color=&#8221;#666666&#8243; toggle_font=&#8221;|800||on|||||&#8221; hover_enabled=&#8221;0&#8243; border_radii=&#8221;on|15px|15px|15px|15px&#8221; global_colors_info=&#8221;{}&#8221; sticky_enabled=&#8221;0&#8243;][et_pb_accordion_item title=&#8221;Indywidualne podej\u015bcie do dziecka&#8221; _builder_version=&#8221;4.24.2&#8243; _module_preset=&#8221;default&#8221; global_colors_info=&#8221;{}&#8221; open=&#8221;on&#8221;]<\/p>\n<p>Rozpoznajemy i doceniamy unikalne talenty i potrzeby ka\u017cdego dziecka. Dzi\u0119ki temu mo\u017cemy dostosowa\u0107 metody nauczania, aby maksymalnie wspiera\u0107 jego rozw\u00f3j, zar\u00f3wno w obszarach mocnych, jak i tych wymagaj\u0105cych dodatkowego wsparcia. Priorytetem jest dla nas empatia i zrozumienie.<\/p>\n<p>[\/et_pb_accordion_item][et_pb_accordion_item title=&#8221;Zintegrowana edukacja&#8221; _builder_version=&#8221;4.24.2&#8243; _module_preset=&#8221;default&#8221; global_colors_info=&#8221;{}&#8221; open=&#8221;off&#8221;]<\/p>\n<p>Nasze programy dydaktyczne integruj\u0105 r\u00f3\u017cne dziedziny wiedzy i \u017cycia, od nauk przyrodniczych, przez matematyk\u0119, j\u0119zyk, sztuk\u0119, a\u017c po edukacj\u0119 emocjonaln\u0105 i spo\u0142eczn\u0105, oraz fizyczn\u0105. Dzi\u0119ki temu dzieci maj\u0105 mo\u017cliwo\u015b\u0107 odkrywania z\u0142o\u017conych zwi\u0105zk\u00f3w mi\u0119dzy r\u00f3\u017cnymi aspektami \u015bwiata, co przyczynia si\u0119 do g\u0142\u0119bszego zrozumienia i lepszego zapami\u0119tywania wiedzy.<\/p>\n<p>[\/et_pb_accordion_item][et_pb_accordion_item title=&#8221;Kreatywno\u015b\u0107 i innowacyjno\u015b\u0107&#8221; _builder_version=&#8221;4.24.2&#8243; _module_preset=&#8221;default&#8221; global_colors_info=&#8221;{}&#8221; open=&#8221;off&#8221;]<\/p>\n<p>K\u0142adziemy du\u017cy nacisk na rozwijanie kreatywno\u015bci i my\u015blenia innowacyjnego. Przez projekty artystyczne, eksperymenty naukowe i zabawy konstrukcyjne dzieci ucz\u0105 si\u0119 my\u015ble\u0107 krytycznie, rozwi\u0105zywa\u0107 problemy i wyra\u017ca\u0107 siebie w r\u00f3\u017cnorodny spos\u00f3b.<\/p>\n<p>&nbsp;<\/p>\n<p>[\/et_pb_accordion_item][et_pb_accordion_item title=&#8221;Edukacja przez zabaw\u0119&#8221; _builder_version=&#8221;4.24.2&#8243; _module_preset=&#8221;default&#8221; global_colors_info=&#8221;{}&#8221; open=&#8221;off&#8221;]<\/p>\n<p>Wierzymy, \u017ce nauka przez zabaw\u0119, kontrolowana przez wykwalifikowan\u0105 kadr\u0119 jest najbardziej naturaln\u0105 i skuteczn\u0105 metod\u0105 edukacji w wieku przedszkolnym. Nasze zaj\u0119cia s\u0105 zaprojektowane tak, aby by\u0142y anga\u017cuj\u0105ce i zabawne, a jednocze\u015bnie edukacyjne, co pozwala dzieciom czerpa\u0107 rado\u015b\u0107 z nauki i eksploracji.<\/p>\n<p>[\/et_pb_accordion_item][et_pb_accordion_item title=&#8221;Rozw\u00f3j spo\u0142eczny i emocjonalny&#8221; _builder_version=&#8221;4.24.2&#8243; _module_preset=&#8221;default&#8221; global_colors_info=&#8221;{}&#8221; open=&#8221;off&#8221;]<\/p>\n<p>R\u00f3wnie wa\u017cny jak rozw\u00f3j intelektualny jest dla nas rozw\u00f3j emocjonalny i spo\u0142eczny dzieci. Poprzez grupowe projekty, gry i aktywno\u015bci spo\u0142eczne, dzieci ucz\u0105 si\u0119 wsp\u00f3\u0142pracy, empatii, rozumienia emocji w\u0142asnych i innych, co jest kluczowe dla budowania zdrowych relacji i poczucia przynale\u017cno\u015bci.<\/p>\n<p>[\/et_pb_accordion_item][et_pb_accordion_item title=&#8221;Aktywno\u015b\u0107 fizyczna&#8221; _builder_version=&#8221;4.24.2&#8243; _module_preset=&#8221;default&#8221; global_colors_info=&#8221;{}&#8221; open=&#8221;off&#8221;]<\/p>\n<p>Zdrowie i dobra sprawno\u015b\u0107 fizyczna s\u0105 niezb\u0119dne dla pe\u0142nego rozwoju dziecka. Dlatego zapewniamy r\u00f3\u017cnorodne aktywno\u015bci fizyczne, od frywolnych po specjalistyczne, kt\u00f3re pomagaj\u0105 w rozwoju prawid\u0142owej postawy, koordynacji, si\u0142y, wydolno\u015bci i og\u00f3lnej sprawno\u015bci, jednocze\u015bnie promuj\u0105c zdrowe nawyki na przysz\u0142o\u015b\u0107.<\/p>\n<p>[\/et_pb_accordion_item][et_pb_accordion_item title=&#8221;Kontakt z natur\u0105&#8221; _builder_version=&#8221;4.24.2&#8243; _module_preset=&#8221;default&#8221; global_colors_info=&#8221;{}&#8221; open=&#8221;off&#8221;]<\/p>\n<p class=\"Tre\">Przestrze\u0144 gdzie przyroda jest najlepszym przyjacielem. Poprzez bezpo\u015bredni kontakt z natur\u0105 uczymy si\u0119 cierpliwo\u015bci, wyciszenia, eksplorowania zmys\u0142\u00f3w, a tak\u017ce odpowiedzialno\u015bci i pracy zespo\u0142owej. Kszta\u0142cimy harmonijny rozw\u00f3j poprzez strefy sielankowo- wyciszaj\u0105ce, trasy sensoryczne, oraz unikatowe uprawy grz\u0105dek. <o:p><\/o:p><\/p>\n<p class=\"Tre\"><o:p>\u00a0<\/o:p><\/p>\n<p>[\/et_pb_accordion_item][et_pb_accordion_item title=&#8221;Zdrowe nawyki \u017cywieniowe&#8221; _builder_version=&#8221;4.24.2&#8243; _module_preset=&#8221;default&#8221; global_colors_info=&#8221;{}&#8221; open=&#8221;off&#8221;]<\/p>\n<p>W naszym podej\u015bciu do \u017cycia, zdrowe od\u017cywianie stanowi fundament dobrego samopoczucia i zdrowia. Dbamy o to, by nasza dieta by\u0142a bogata w naturalne, nieprzetworzone produkty, kt\u00f3re dostarczaj\u0105 organizmowi wszystkich niezb\u0119dnych sk\u0142adnik\u00f3w od\u017cywczych. Uwa\u017camy, \u017ce \u015bwiadome wybieranie tego, co jemy, jest kluczem do d\u0142ugotrwa\u0142ego zdrowia i energii.<\/p>\n<p>Omawiaj\u0105c warto\u015b\u0107 zdrowego od\u017cywiania, podkre\u015blamy, jak wa\u017cne jest, aby spo\u017cywa\u0107 \u017cywno\u015b\u0107, kt\u00f3ra jest bliska naturze. Poprzez nauk\u0119 wypiekania chleba i ubijania mas\u0142a promujemy by nasza dieta by\u0142a bogata w naturalne, nieprzetworzone produkty i wnosi\u0142a szacunek do \u015brodowiska naturalnego.<\/p>\n<p>[\/et_pb_accordion_item][et_pb_accordion_item title=&#8221;Wsp\u00f3\u0142praca z rodzicami&#8221; _builder_version=&#8221;4.24.3&#8243; _module_preset=&#8221;default&#8221; hover_enabled=&#8221;0&#8243; global_colors_info=&#8221;{}&#8221; open=&#8221;off&#8221; sticky_enabled=&#8221;0&#8243;]<\/p>\n<p>Traktujemy rodzic\u00f3w jako partner\u00f3w w edukacyjnej podr\u00f3\u017cy ich dzieci. Regularnie informujemy o post\u0119pach, organizujemy personalne spotkania, a tak\u017ce zach\u0119camy do aktywnego uczestnictwa w \u017cyciu przedszkola, co pozwala na budowanie silnej i wspieraj\u0105cej spo\u0142eczno\u015bci wok\u00f3\u0142 naszych dzieci.<\/p>\n<p>[\/et_pb_accordion_item][et_pb_accordion_item title=&#8221;WYJ\u0104TKOWO\u015a\u0106 SKRZATA&#8221; open=&#8221;off&#8221; _builder_version=&#8221;4.24.2&#8243; _module_preset=&#8221;default&#8221; global_colors_info=&#8221;{}&#8221;]<\/p>\n<p>Senso-skrzat &#8211; Wspomaganie sensorycznego rozwoju dzieci, wspieraj\u0105c ich wra\u017cenia zmys\u0142owe i percepcj\u0119.<\/p>\n<p>Fizjo-skrzat &#8211; skupia si\u0119 na fizjoterapii stymuluj\u0105cej prawid\u0142ow\u0105 postaw\u0119, rozwijaj\u0105c motoryk\u0119, si\u0142\u0119 i koordynacj\u0119 ruchow\u0105,<\/p>\n<p>Anglo-skrzat &#8211; program skoncentrowany na nauce j\u0119zyka angielskiego, oferuj\u0105cy dzieciom mo\u017cliwo\u015b\u0107 nauki i praktyki angielskiego w codziennych sytuacjach, poprzez zabawy, piosenki, opowiadania. G\u0142\u00f3wnym celem jest stworzenie naturalnego \u015brodowiska, w kt\u00f3rym dzieci mog\u0105 nabywa\u0107 umiej\u0119tno\u015bci j\u0119zykowe w spos\u00f3b spontaniczny i zabawny.<\/p>\n<p>Logo-skrzat &#8211; logopedia wspieraj\u0105ca rozw\u00f3j mowy i komunikacji.<\/p>\n<p>Psycho-skrzat &#8211; skoncentrowany na wsparciu emocjonalnym i psychicznym, pomagaj\u0105c dzieciom w rozwijaniu umiej\u0119tno\u015bci spo\u0142ecznych, radzenia sobie ze stresem i budowania pozytywnego obrazu siebie.<\/p>\n<p>Art-skrzat &#8211; rozwijanie kreatywno\u015bci i wyobra\u017ani przez sztuk\u0119, na przyk\u0142ad rysowanie, malowanie, muzyk\u0119 i taniec.<\/p>\n<p>Tech-skrzat &#8211; wprowadzanie do podstaw nowych technologii i nauki eksperymentalnej w spos\u00f3b dostosowany do wieku, ucz\u0105c bezpiecznego jej wykorzystania.<\/p>\n<p>Moto-bhp-skrzat &#8211; nauka podstaw bezpiecze\u0144stwa og\u00f3lnie poj\u0119tego,drogowego, zachowa\u0144 w ruchu drogowym i podstawowych zasad poruszania si\u0119 po drodze.<\/p>\n<p>Nutri-skrzat &#8211; edukacja na temat zdrowego \u017cywienia i zdrowych nawyk\u00f3w \u017cywieniowych, uczenie dzieci, jak wa\u017cne s\u0105 r\u00f3\u017cnorodne i zbilansowane posi\u0142ki.<\/p>\n<p>Eko-skrzat &#8211; promowanie \u015bwiadomo\u015bci ekologicznej i nauka o \u015brodowisku naturalnym, na przyk\u0142ad poprzez zabawy na \u015bwie\u017cym powietrzu, upraw\u0119 ro\u015blin czy nauk\u0119 recyklingu<\/p>\n<p>[\/et_pb_accordion_item][\/et_pb_accordion][\/et_pb_column][\/et_pb_row][\/et_pb_section]<\/p>\n","protected":false},"excerpt":{"rendered":"<p>Rozpoznajemy i doceniamy unikalne talenty i potrzeby ka\u017cdego dziecka. Dzi\u0119ki temu mo\u017cemy dostosowa\u0107 metody nauczania, aby maksymalnie wspiera\u0107 jego rozw\u00f3j, zar\u00f3wno w obszarach mocnych, jak i tych wymagaj\u0105cych dodatkowego wsparcia. Priorytetem jest dla nas empatia i zrozumienie.Nasze programy dydaktyczne integruj\u0105 r\u00f3\u017cne dziedziny wiedzy i \u017cycia, od nauk przyrodniczych, przez matematyk\u0119, j\u0119zyk, sztuk\u0119, a\u017c po edukacj\u0119 [&hellip;]<\/p>\n","protected":false},"author":1,"featured_media":0,"parent":143,"menu_order":0,"comment_status":"closed","ping_status":"closed","template":"","meta":{"_et_pb_use_builder":"on","_et_pb_old_content":"","_et_gb_content_width":"","footnotes":""},"class_list":["post-254","page","type-page","status-publish","hentry"],"_links":{"self":[{"href":"https:\/\/skrzat.info.pl\/index.php?rest_route=\/wp\/v2\/pages\/254","targetHints":{"allow":["GET"]}}],"collection":[{"href":"https:\/\/skrzat.info.pl\/index.php?rest_route=\/wp\/v2\/pages"}],"about":[{"href":"https:\/\/skrzat.info.pl\/index.php?rest_route=\/wp\/v2\/types\/page"}],"author":[{"embeddable":true,"href":"https:\/\/skrzat.info.pl\/index.php?rest_route=\/wp\/v2\/users\/1"}],"replies":[{"embeddable":true,"href":"https:\/\/skrzat.info.pl\/index.php?rest_route=%2Fwp%2Fv2%2Fcomments&post=254"}],"version-history":[{"count":8,"href":"https:\/\/skrzat.info.pl\/index.php?rest_route=\/wp\/v2\/pages\/254\/revisions"}],"predecessor-version":[{"id":498,"href":"https:\/\/skrzat.info.pl\/index.php?rest_route=\/wp\/v2\/pages\/254\/revisions\/498"}],"up":[{"embeddable":true,"href":"https:\/\/skrzat.info.pl\/index.php?rest_route=\/wp\/v2\/pages\/143"}],"wp:attachment":[{"href":"https:\/\/skrzat.info.pl\/index.php?rest_route=%2Fwp%2Fv2%2Fmedia&parent=254"}],"curies":[{"name":"wp","href":"https:\/\/api.w.org\/{rel}","templated":true}]}}