{"id":3,"date":"2024-03-19T12:08:42","date_gmt":"2024-03-19T11:08:42","guid":{"rendered":"http:\/\/030483.nwagner.pl\/?page_id=3"},"modified":"2024-04-03T12:18:27","modified_gmt":"2024-04-03T10:18:27","slug":"polityka-prywatnosci","status":"publish","type":"page","link":"https:\/\/skrzat.info.pl\/?page_id=3","title":{"rendered":"Polityka prywatno\u015bci"},"content":{"rendered":"<p>[et_pb_section fb_built=&#8221;1&#8243; admin_label=&#8221;section&#8221; _builder_version=&#8221;4.24.2&#8243; hover_enabled=&#8221;0&#8243; global_colors_info=&#8221;{}&#8221; background_color=&#8221;#F6F0E7&#8243; sticky_enabled=&#8221;0&#8243;][et_pb_row admin_label=&#8221;row&#8221; _builder_version=&#8221;4.16&#8243; background_size=&#8221;initial&#8221; background_position=&#8221;top_left&#8221; background_repeat=&#8221;repeat&#8221; global_colors_info=&#8221;{}&#8221;][et_pb_column type=&#8221;4_4&#8243; _builder_version=&#8221;4.16&#8243; custom_padding=&#8221;|||&#8221; global_colors_info=&#8221;{}&#8221; custom_padding__hover=&#8221;|||&#8221;][et_pb_text _builder_version=&#8221;4.24.2&#8243; _module_preset=&#8221;default&#8221; global_colors_info=&#8221;{}&#8221;]<\/p>\n<h1><strong>POLITYKA PRYWATNO\u015aCI I OBOWI\u0104ZEK INFORMACYJNY<\/strong><\/h1>\n<h2><strong>Serwisu internetowego skrzat.info.pl<\/strong><\/h2>\n<ol>\n<li>Szanuj\u0105c Twoje prawa oraz respektuj\u0105c ustaw\u0119 o ochronie danych osobowych zobowi\u0105zujemy si\u0119 do zachowania bezpiecze\u0144stwa i poufno\u015bci pozyskanych danych osobowych. Wszyscy pracownicy Serwisu zostali odpowiednio przeszkoleni w zakresie przetwarzania danych osobowych.<\/li>\n<li>Administratorem Danych Osobowych jest: NIEPUBLICZNY \u017b\u0141OBEK I PRZEDSZKOLE \u201eSKRZAT\u201d IWONA WODZI\u0143SKA, ul. Okr\u0119\u017cna 108, 05-825, Grodzisk Mazowiecki, NIP: 5221039428, REGON: 011306302, nr tel.: +48\u00a0504\u00a0588 557, adres email: skrzat.zlobek@gmail.com.<\/li>\n<li>W naszym Serwisie zbieramy nast\u0119puj\u0105ce dane osobowe:<\/li>\n<\/ol>\n<ul>\n<li>Imi\u0119 i nazwisko \u2013 przy wype\u0142nianiu formularza kontaktowego b\u0119dziesz proszony o podanie swojego imienia i nazwiska, tak aby\u015bmy mieli mo\u017cliwo\u015b\u0107 kontaktu z Tob\u0105. Poprosimy Ci\u0119 r\u00f3wnie\u017c o podanie imienia i nazwiska przy wype\u0142nianiu formularza zg\u0142oszeniowego na szkolenie, tak aby\u015bmy wiedzieli, kto b\u0119dzie uczestniczy\u0142 w szkoleniu oraz aby\u015bmy mieli mo\u017cliwo\u015b\u0107 kontaktu z Tob\u0105. Mo\u017cesz poda\u0107 swoje imi\u0119 i nazwisko, gdy chcesz r\u00f3wnie\u017c zapisa\u0107 si\u0119 do bazy odbiorc\u00f3w naszego newslettera.<\/li>\n<li>Adres zamieszkania\/zameldowania\/do korespondencji \u2013 dane potrzebne do wype\u0142nienia formularzy zg\u0142oszeniowych, dost\u0119pnych na stronach Serwisu.<\/li>\n<li>Miejsce pracy \u2013 dane potrzebne do wype\u0142nienia formularzy zg\u0142oszeniowych, dost\u0119pnych na stronach Serwisu.<\/li>\n<li>Adres e-mail \u2013 poprzez adres e-mail kontaktujemy si\u0119 z Tob\u0105 i przesy\u0142amy informacje zwrotne na Twoje zapytania. S\u0142u\u017cy on r\u00f3wnie\u017c do dokonania rejestracji na szkolenia. Po podaniu adresu e-mail mo\u017cesz r\u00f3wnie\u017c zapisa\u0107 si\u0119 do bazy odbiorc\u00f3w naszego newslettera.<\/li>\n<li>Numer telefonu \u2013 pozwala na nawi\u0105zanie bezpo\u015bredniego kontaktu z Tob\u0105.<\/li>\n<li>Numer NIP \u2013 dane potrzebne do wype\u0142nienia formularzy zg\u0142oszeniowych, dost\u0119pnych na stronach Serwisu.<\/li>\n<li>Adres IP \u2013 informacje wynikaj\u0105ce z og\u00f3lnych zasad po\u0142\u0105cze\u0144 realizowanych w Internecie takie jak adres IP (oraz inne informacje zawarte w logach systemowych) wykorzystywane s\u0105 przez administratora Serwisu w celach technicznych. Adresy IP mog\u0105 te\u017c by\u0107 wykorzystywane w celach statystycznych \u2013 do zbierania og\u00f3lnych informacji demograficznych (np. o regionie, z kt\u00f3rego nast\u0119puje po\u0142\u0105czenie).<\/li>\n<li>Cookies \u2013 nasz Serwis internetowy wykorzystuje technologi\u0119 Cookies w celu dostosowania jego funkcjonowania do Twoich indywidualnych potrzeb. Mo\u017cesz zgodzi\u0107 si\u0119 na to, aby wpisane przez Ciebie dane zosta\u0142y zapami\u0119tane, dzi\u0119ki czemu b\u0119dziesz m\u00f3g\u0142 bez powt\u00f3rnego wpisywania korzysta\u0107 z nich przy nast\u0119pnych odwiedzinach na stronach internetowych Serwisu. W\u0142a\u015bciciele innych witryn nie b\u0119d\u0105 mieli dost\u0119pu do tych danych. Je\u017celi natomiast nie zgadzasz si\u0119 na personalizowanie Serwisu, proponujemy wy\u0142\u0105czenie obs\u0142ugi Cookies w opcjach przegl\u0105darki internetowej.<\/li>\n<\/ul>\n<ol start=\"4\">\n<li>Podanie powy\u017cszych danych jest dobrowolne, aczkolwiek konieczne w przypadku kiedy chcesz przes\u0142a\u0107 nam formularz zg\u0142oszeniowy, a tak\u017ce wtedy gdy chcesz przes\u0142a\u0107 nam wiadomo\u015b\u0107 i kiedy chcesz aby\u015bmy si\u0119 mogli z Tob\u0105 skontaktowa\u0107 z informacj\u0105 zwrotn\u0105.<\/li>\n<li>Ka\u017cdy u\u017cytkownik naszego Serwisu ma mo\u017cliwo\u015b\u0107 wyboru, czy i w jakim zakresie chce korzysta\u0107 z naszych us\u0142ug i udost\u0119pnia\u0107 informacje o sobie. Je\u017celi z jaki\u015b wzgl\u0119d\u00f3w nie \u017cyczysz sobie pozostawienia swoich danych osobowych to masz prawo do ich usuni\u0119cia lub nie korzystania z naszego Serwisu.<\/li>\n<li>Administrator danych nie przekazuje danych osobowych swoich U\u017cytkownik\u00f3w wbrew prawu podmiotom trzecim nie uj\u0119tym w niniejszym dokumencie. Przekazanie danych mo\u017cliwe jest wy\u0142\u0105cznie na \u017c\u0105danie uprawnionych do tego organ\u00f3w pa\u0144stwowych w szczeg\u00f3lno\u015bci po wskazaniu podstawy prawnej oraz uzasadnienia potrzeby posiadania wspomnianych danych.<\/li>\n<li>Administrator danych osobowych zastrzega sobie mo\u017cliwo\u015b\u0107 powierzenia przetwarzania danych osobowych U\u017cytkownika innym firmom na podstawie pisemnych um\u00f3w zawartych zgodnie z art. 31 Ustawy z dnia 29 sierpnia 1997 roku o ochronie danych osobowych (Dz. U. z 2014 r. poz. 1182, 1662) w celu wykonania przez te firmy us\u0142ug na rzecz Serwisu prowadz\u0105cych do jego poprawnego dzia\u0142ania, w szczeg\u00f3lno\u015bci us\u0142ug zwi\u0105zanych z hostingiem, utrzymaniem oraz zarz\u0105dzaniem serwerami na kt\u00f3rych funkcjonuje Serwis, administracj\u0105 Serwisu, prowadzeniem prac konserwacyjnych Serwisu, a tak\u017ce dochodzeniem roszcze\u0144 oraz wyja\u015bnianiem okoliczno\u015bci niedozwolonego korzystania z us\u0142ug \u015bwiadczonych drog\u0105 elektroniczn\u0105.<\/li>\n<li>Zgodnie z postanowieniami ustawy o ochronie danych osobowych z dnia 29 sierpnia 1997 roku, (Dz. U. z 2014 r., poz. 1182, 1662) masz prawo poprawiania, uzupe\u0142niania, uaktualnienia, sprostowania oraz \u017c\u0105dania usuni\u0119cia swoich danych osobowych. W tym celu prze\u015blij wiadomo\u015b\u0107 drog\u0105 poczty elektronicznej na adres e-mail: skrzat.zlobek@gmail.com.<\/li>\n<\/ol>\n<p>&nbsp;<\/p>\n<p>[\/et_pb_text][\/et_pb_column][\/et_pb_row][\/et_pb_section]<\/p>\n","protected":false},"excerpt":{"rendered":"<p>POLITYKA PRYWATNO\u015aCI I OBOWI\u0104ZEK INFORMACYJNY Serwisu internetowego skrzat.info.pl Szanuj\u0105c Twoje prawa oraz respektuj\u0105c ustaw\u0119 o ochronie danych osobowych zobowi\u0105zujemy si\u0119 do zachowania bezpiecze\u0144stwa i poufno\u015bci pozyskanych danych osobowych. Wszyscy pracownicy Serwisu zostali odpowiednio przeszkoleni w zakresie przetwarzania danych osobowych. Administratorem Danych Osobowych jest: NIEPUBLICZNY \u017b\u0141OBEK I PRZEDSZKOLE \u201eSKRZAT\u201d IWONA WODZI\u0143SKA, ul. Okr\u0119\u017cna 108, 05-825, Grodzisk [&hellip;]<\/p>\n","protected":false},"author":1,"featured_media":0,"parent":0,"menu_order":0,"comment_status":"closed","ping_status":"open","template":"","meta":{"_et_pb_use_builder":"on","_et_pb_old_content":"<!-- wp:heading --><h2>Kim jeste\u015bmy<\/h2><!-- \/wp:heading --><!-- wp:paragraph --><p><strong class=\"privacy-policy-tutorial\">Sugerowany tekst: <\/strong>Adres naszej strony internetowej to: https:\/\/skrzat.info.pl.<\/p><!-- \/wp:paragraph --><!-- wp:heading --><h2>Komentarze<\/h2><!-- \/wp:heading --><!-- wp:paragraph --><p><strong class=\"privacy-policy-tutorial\">Sugerowany tekst: <\/strong>Kiedy odwiedzaj\u0105cy witryn\u0119 zostawia komentarz, zbieramy dane widoczne w formularzu komentowania, jak i adres IP odwiedzaj\u0105cego oraz podpis jego przegl\u0105darki jako pomoc przy wykrywaniu spamu.<\/p><!-- \/wp:paragraph --><!-- wp:paragraph --><p>Anonimizowany ci\u0105g znak\u00f3w utworzony z twojego adresu e-mail (zwany te\u017c hashem) mo\u017ce zosta\u0107 przes\u0142any do us\u0142ugi Gravatar w celu sprawdzenia czy jest u\u017cywany. Polityka prywatno\u015bci us\u0142ugi Gravatar jest dost\u0119pna pod adresem: https:\/\/automattic.com\/privacy\/. Po zatwierdzeniu komentarza tw\u00f3j obrazek profilowy jest widoczny publicznie w kontek\u015bcie twojego komentarza.<\/p><!-- \/wp:paragraph --><!-- wp:heading --><h2>Media<\/h2><!-- \/wp:heading --><!-- wp:paragraph --><p><strong class=\"privacy-policy-tutorial\">Sugerowany tekst: <\/strong>Je\u015bli jeste\u015b zarejestrowanym u\u017cytkownikiem i wgrywasz na witryn\u0119 obrazki, powiniene\u015b unika\u0107 przesy\u0142ania obrazk\u00f3w z tagami EXIF lokalizacji. Odwiedzaj\u0105cy stron\u0119 mog\u0105 pobra\u0107 i odczyta\u0107 pe\u0142ne dane lokalizacyjne z obrazk\u00f3w w witrynie.<\/p><!-- \/wp:paragraph --><!-- wp:heading --><h2>Ciasteczka<\/h2><!-- \/wp:heading --><!-- wp:paragraph --><p><strong class=\"privacy-policy-tutorial\">Sugerowany tekst: <\/strong>Je\u015bli skomentujesz co\u015b w witrynie, b\u0119dzie mo\u017cna wybra\u0107 opcj\u0119 zapisu nazwy, adresu e-mail i witryny internetowej w ciasteczkach, dzi\u0119ki kt\u00f3rym podczas pisania kolejnych komentarzy powy\u017csze informacje b\u0119d\u0105 ju\u017c dogodnie uzupe\u0142nione. Ciasteczka wygasaj\u0105 po roku.<\/p><!-- \/wp:paragraph --><!-- wp:paragraph --><p>Je\u015bli odwiedzisz stron\u0119 logowania, utworzymy tymczasowe ciasteczko na potrzeby sprawdzenia czy twoja przegl\u0105darka akceptuje ciasteczka. Nie zawiera ono \u017cadnych danych osobistych i zostanie usuni\u0119te, kiedy przegl\u0105darka zostanie zamkni\u0119ta.<\/p><!-- \/wp:paragraph --><!-- wp:paragraph --><p>Podczas logowania tworzymy dodatkowo kilka ciasteczek potrzebnych do zapisu twoich informacji logowania oraz wybranych opcji ekranu. Ciasteczka logowania wygasaj\u0105 po dw\u00f3ch dniach, a opcji ekranu po roku. Je\u015bli zaznaczysz opcj\u0119 &bdquo;Pami\u0119taj mnie&rdquo;, logowanie wyga\u015bnie po dw\u00f3ch tygodniach. Je\u015bli wylogujesz si\u0119 ze swojego konta, ciasteczka logowania zostan\u0105 usuni\u0119te.<\/p><!-- \/wp:paragraph --><!-- wp:paragraph --><p>Je\u015bli zmodyfikujesz albo opublikujesz artyku\u0142, w twojej przegl\u0105darce zostanie zapisane dodatkowe ciasteczko. To ciasteczko nie zawiera \u017cadnych danych osobistych, wskazuj\u0105c po prostu na identyfikator przed chwil\u0105 edytowanego artyku\u0142u. Wygasa ono po 1 dniu.<\/p><!-- \/wp:paragraph --><!-- wp:heading --><h2>Osadzone tre\u015bci z innych witryn<\/h2><!-- \/wp:heading --><!-- wp:paragraph --><p><strong class=\"privacy-policy-tutorial\">Sugerowany tekst: <\/strong>Artyku\u0142y na tej witrynie mog\u0105 zawiera\u0107 osadzone tre\u015bci (np. filmy, obrazki, artyku\u0142y itp.). Osadzone tre\u015bci z innych witryn zachowuj\u0105 si\u0119 analogicznie do tego, jakby u\u017cytkownik odwiedzi\u0142 bezpo\u015brednio konkretn\u0105 witryn\u0119.<\/p><!-- \/wp:paragraph --><!-- wp:paragraph --><p>Witryny mog\u0105 zbiera\u0107 informacje o tobie, u\u017cywa\u0107 ciasteczek, do\u0142\u0105cza\u0107 dodatkowe, zewn\u0119trzne systemy \u015bledzenia i monitorowa\u0107 twoje interakcje z osadzonym materia\u0142em, w\u0142\u0105czaj\u0105c w to \u015bledzenie twoich interakcji z osadzonym materia\u0142em je\u015bli posiadasz konto i jeste\u015b zalogowany w tamtej witrynie.<\/p><!-- \/wp:paragraph --><!-- wp:heading --><h2>Z kim dzielimy si\u0119 danymi<\/h2><!-- \/wp:heading --><!-- wp:paragraph --><p><strong class=\"privacy-policy-tutorial\">Sugerowany tekst: <\/strong>Je\u015bli za\u017c\u0105dasz zresetowania has\u0142a, tw\u00f3j adres IP zostanie do\u0142\u0105czony do wysy\u0142anej wiadomo\u015bci.<\/p><!-- \/wp:paragraph --><!-- wp:heading --><h2>Jak d\u0142ugo przechowujemy twoje dane<\/h2><!-- \/wp:heading --><!-- wp:paragraph --><p><strong class=\"privacy-policy-tutorial\">Sugerowany tekst: <\/strong>Je\u015bli zostawisz komentarz, jego tre\u015b\u0107 i metadane b\u0119d\u0105 przechowywane przez czas nieokre\u015blony. Dzi\u0119ki temu jeste\u015bmy w stanie rozpoznawa\u0107 i zatwierdza\u0107 kolejne komentarze automatycznie, bez wysy\u0142ania ich do ka\u017cdorazowej moderacji.<\/p><!-- \/wp:paragraph --><!-- wp:paragraph --><p>Dla u\u017cytkownik\u00f3w kt\u00f3rzy zarejestrowali si\u0119 na naszej stronie internetowej (je\u015bli tacy s\u0105), przechowujemy r\u00f3wnie\u017c informacje osobiste wprowadzone w profilu. Ka\u017cdy u\u017cytkownik mo\u017ce dokona\u0107 wgl\u0105du, korekty albo skasowa\u0107 swoje informacje osobiste w dowolnej chwili (nie licz\u0105c nazwy u\u017cytkownika, kt\u00f3rej nie mo\u017cna zmieni\u0107). Administratorzy strony r\u00f3wnie\u017c mog\u0105 przegl\u0105da\u0107 i modyfikowa\u0107 te informacje.<\/p><!-- \/wp:paragraph --><!-- wp:heading --><h2>Jakie masz prawa do swoich danych<\/h2><!-- \/wp:heading --><!-- wp:paragraph --><p><strong class=\"privacy-policy-tutorial\">Sugerowany tekst: <\/strong>Je\u015bli masz konto u\u017cytkownika albo doda\u0142e\u015b komentarze w tej witrynie, mo\u017cesz za\u017c\u0105da\u0107 dostarczenia pliku z wyeksportowanym kompletem twoich danych osobistych b\u0119d\u0105cych w naszym posiadaniu, w tym ca\u0142o\u015b\u0107 tych dostarczonych przez ciebie. Mo\u017cesz r\u00f3wnie\u017c za\u017c\u0105da\u0107 usuni\u0119cia przez nas ca\u0142o\u015bci twoich danych osobistych w naszym posiadaniu. Nie dotyczy to \u017cadnych danych kt\u00f3re jeste\u015bmy zobligowani zachowa\u0107 ze wzgl\u0119d\u00f3w administracyjnych, prawnych albo bezpiecze\u0144stwa.<\/p><!-- \/wp:paragraph --><!-- wp:heading --><h2>Gdzie wys\u0142amy twoje dane<\/h2><!-- \/wp:heading --><!-- wp:paragraph --><p><strong class=\"privacy-policy-tutorial\">Sugerowany tekst: <\/strong>Komentarze go\u015bci mog\u0105 by\u0107 sprawdzane za pomoc\u0105 automatycznej us\u0142ugi wykrywania spamu.<\/p><!-- \/wp:paragraph -->","_et_gb_content_width":"","footnotes":""},"class_list":["post-3","page","type-page","status-publish","hentry"],"_links":{"self":[{"href":"https:\/\/skrzat.info.pl\/index.php?rest_route=\/wp\/v2\/pages\/3","targetHints":{"allow":["GET"]}}],"collection":[{"href":"https:\/\/skrzat.info.pl\/index.php?rest_route=\/wp\/v2\/pages"}],"about":[{"href":"https:\/\/skrzat.info.pl\/index.php?rest_route=\/wp\/v2\/types\/page"}],"author":[{"embeddable":true,"href":"https:\/\/skrzat.info.pl\/index.php?rest_route=\/wp\/v2\/users\/1"}],"replies":[{"embeddable":true,"href":"https:\/\/skrzat.info.pl\/index.php?rest_route=%2Fwp%2Fv2%2Fcomments&post=3"}],"version-history":[{"count":3,"href":"https:\/\/skrzat.info.pl\/index.php?rest_route=\/wp\/v2\/pages\/3\/revisions"}],"predecessor-version":[{"id":321,"href":"https:\/\/skrzat.info.pl\/index.php?rest_route=\/wp\/v2\/pages\/3\/revisions\/321"}],"wp:attachment":[{"href":"https:\/\/skrzat.info.pl\/index.php?rest_route=%2Fwp%2Fv2%2Fmedia&parent=3"}],"curies":[{"name":"wp","href":"https:\/\/api.w.org\/{rel}","templated":true}]}}